{"id":29840,"date":"2025-04-16T10:52:09","date_gmt":"2025-04-16T10:52:09","guid":{"rendered":"https:\/\/ferrotech.hu\/?page_id=29840"},"modified":"2026-04-02T13:10:46","modified_gmt":"2026-04-02T13:10:46","slug":"karrier","status":"publish","type":"page","link":"http:\/\/ferrotech.hu\/de\/karrier\/","title":{"rendered":"Karriere"},"content":{"rendered":"<div data-elementor-type=\"wp-page\" data-elementor-id=\"29840\" class=\"elementor elementor-29840\" data-elementor-post-type=\"page\">\n\t\t\t\t\r\n\t\t<div class=\"default no-position show_shadow rs-sticky-default elementor-element elementor-element-691bd60 e-flex e-con-boxed e-con e-parent\" data-id=\"691bd60\" data-element_type=\"container\" data-e-type=\"container\">\n\t\t\t\t\t<div class=\"e-con-inner\">\n\t\t\r\n\t\t<div class=\"default no-position show_shadow rs-sticky-default elementor-element elementor-element-1d8e136 e-con-full e-flex e-con e-child\" data-id=\"1d8e136\" data-element_type=\"container\" data-e-type=\"container\">\n\t\t\r\n\t\t\t\t<div class=\"elementor-element elementor-element-105de89 elementor-widget elementor-widget-rs-service-grid\" data-id=\"105de89\" data-element_type=\"widget\" data-e-type=\"widget\" data-widget_type=\"rs-service-grid.default\">\n\t\t\t\t<div class=\"elementor-widget-container\">\n\t\t\t\t\t\r\n\t\t<div class=\"rs-addon-services style9\">\r\n\t\t\t\r\n<div class=\"services-inner clip-path-enable box\">\r\n        \r\n\r\n    <div class=\"content_part\">\r\n\r\n                    <div class=\"services-title\">\r\n                                    <h3 class=\"title\"> Ihren Angebot mit Gehaltsvorstellung erwarten wir unter einer der folgenden Kontaktm\u00f6glichkeiten:<\/h3>\r\n                            <\/div>\r\n        \r\n        \r\n                    <div class=\"desc-text\">\r\n                8999 Zalal\u00f6v\u0151, \u00dajmajor 4.\n<br>E-mail: info@ferrotech.hu\n<br>Telefon: +36 92 371 277            <\/div>\r\n        \r\n            <\/div>\r\n<\/div>\t\t<\/div>\r\n\r\n\t\t\t\t<\/div>\n\t\t\t\t<\/div>\n\t\t\t\t<\/div>\n\t\t\r\n\t\t<div class=\"default no-position show_shadow rs-sticky-default elementor-element elementor-element-55cff28 e-con-full e-flex e-con e-child\" data-id=\"55cff28\" data-element_type=\"container\" data-e-type=\"container\">\n\t\t\r\n\t\t\t\t<div class=\"elementor-element elementor-element-c54d77f elementor-widget__width-inherit elementor-widget-mobile__width-inherit elementor-widget elementor-widget-text-editor\" data-id=\"c54d77f\" data-element_type=\"widget\" data-e-type=\"widget\" data-widget_type=\"text-editor.default\">\n\t\t\t\t<div class=\"elementor-widget-container\">\n\t\t\t\t\t\t\t\t\t<p>Derzeit gibt es keine offenen Stellen!<\/p>\t\t\t\t\t\t\t\t<\/div>\n\t\t\t\t<\/div>\n\t\t\t\t<\/div>\n\t\t\t\t\t<\/div>\n\t\t\t\t<\/div>\n\t\t\t\t<\/div>","protected":false},"excerpt":{"rendered":"<p>P\u00e1ly\u00e1zat\u00e1t b\u00e9rig\u00e9ny megjel\u00f6l\u00e9s\u00e9vel a k\u00f6vetkez\u0151 el\u00e9rhet\u0151s\u00e9gek valamelyik\u00e9re v\u00e1rjuk: 8999 Zalal\u00f6v\u0151, \u00dajmajor 4. E-mail: info@ferrotech.hu Telefon: +36 92 371 277 Jelenleg nincs bet\u00f6ltetlen \u00e1ll\u00e1s!<\/p>","protected":false},"author":2,"featured_media":0,"parent":0,"menu_order":0,"comment_status":"closed","ping_status":"closed","template":"elementor_header_footer","meta":{"footnotes":""},"class_list":["post-29840","page","type-page","status-publish","hentry"],"aioseo_notices":[],"_links":{"self":[{"href":"http:\/\/ferrotech.hu\/de\/wp-json\/wp\/v2\/pages\/29840","targetHints":{"allow":["GET"]}}],"collection":[{"href":"http:\/\/ferrotech.hu\/de\/wp-json\/wp\/v2\/pages"}],"about":[{"href":"http:\/\/ferrotech.hu\/de\/wp-json\/wp\/v2\/types\/page"}],"author":[{"embeddable":true,"href":"http:\/\/ferrotech.hu\/de\/wp-json\/wp\/v2\/users\/2"}],"replies":[{"embeddable":true,"href":"http:\/\/ferrotech.hu\/de\/wp-json\/wp\/v2\/comments?post=29840"}],"version-history":[{"count":5,"href":"http:\/\/ferrotech.hu\/de\/wp-json\/wp\/v2\/pages\/29840\/revisions"}],"predecessor-version":[{"id":30352,"href":"http:\/\/ferrotech.hu\/de\/wp-json\/wp\/v2\/pages\/29840\/revisions\/30352"}],"wp:attachment":[{"href":"http:\/\/ferrotech.hu\/de\/wp-json\/wp\/v2\/media?parent=29840"}],"curies":[{"name":"wp","href":"https:\/\/api.w.org\/{rel}","templated":true}]}}