{"id":30022,"date":"2026-02-19T14:21:16","date_gmt":"2026-02-19T14:21:16","guid":{"rendered":"https:\/\/ferrotech.hu\/?page_id=30022"},"modified":"2026-02-19T14:35:36","modified_gmt":"2026-02-19T14:35:36","slug":"ginop-1-2-1-16-2017-00159","status":"publish","type":"page","link":"http:\/\/ferrotech.hu\/de\/palyazatok\/ginop-1-2-1-16-2017-00159\/","title":{"rendered":"GINOP-1.2.1-16-2017-00159"},"content":{"rendered":"<div data-elementor-type=\"wp-page\" data-elementor-id=\"30022\" class=\"elementor elementor-30022\" data-elementor-post-type=\"page\">\n\t\t\t\t\r\n\t\t<div class=\"default no-position show_shadow rs-sticky-default elementor-element elementor-element-e4147c1 e-flex e-con-boxed e-con e-parent\" data-id=\"e4147c1\" data-element_type=\"container\" data-e-type=\"container\">\n\t\t\t\t\t<div class=\"e-con-inner\">\n\t\t\r\n\t\t\t\t<div class=\"elementor-element elementor-element-e7eac98 elementor-widget elementor-widget-heading\" data-id=\"e7eac98\" data-element_type=\"widget\" data-e-type=\"widget\" data-widget_type=\"heading.default\">\n\t\t\t\t<div class=\"elementor-widget-container\">\n\t\t\t\t\t<h3 class=\"elementor-heading-title elementor-size-default\">Nyertes p\u00e1ly\u00e1zat\n<\/h3>\t\t\t\t<\/div>\n\t\t\t\t<\/div>\n\t\t\r\n\t\t\t\t<div class=\"elementor-element elementor-element-0b8d2eb elementor-widget elementor-widget-text-editor\" data-id=\"0b8d2eb\" data-element_type=\"widget\" data-e-type=\"widget\" data-widget_type=\"text-editor.default\">\n\t\t\t\t<div class=\"elementor-widget-container\">\n\t\t\t\t\t\t\t\t\t<p><strong>Kedvezm\u00e9nyezett:<\/strong> G\u00e9p\u2013 \u00e9s Ferrotech Kft<br \/><strong>Projekt c\u00edme:<\/strong> Vil\u00e1gsz\u00ednvonal\u00fa gy\u00e1rt\u00f3kapacit\u00e1s Zalal\u00f6v\u0151n<br \/><br \/><strong>Szerz\u0151d\u00f6tt t\u00e1mogat\u00e1s \u00f6sszege (Ft):<\/strong> 101.544.336 Ft<br \/><strong>A t\u00e1mogat\u00e1s m\u00e9rt\u00e9ke (%-ban):<\/strong> 45%<br \/><strong>Projekt befejez\u00e9si d\u00e1tuma:<\/strong> 2017.11.01<br \/><strong>Projekt azonos\u00edt\u00f3 sz\u00e1ma:<\/strong> GINOP-1.2.1-16-2017-00159<\/p><p>A G\u00e9p- \u00e9s Ferrotech Kft a Sz\u00e9chenyi 2020 program keret\u00e9ben 101.544.336 Ft eur\u00f3pai \u00fani\u00f3s t\u00e1mogat\u00e1st nyert el g\u00e9pbeszerz\u00e9sre \u00e9s v\u00e1llalatir\u00e1ny\u00edt\u00e1si rendszer bevezet\u00e9s\u00e9re. A projekt keret\u00e9ben CNC mozg\u00f3\u00e1llv\u00e1nyos f\u00far\u00f3 mar\u00f3m\u0171, CNC mar\u00f3m\u0171, CNC plazma \u00e9s l\u00e1ngv\u00e1g\u00f3 g\u00e9pek beszerz\u00e9s\u00e9re ker\u00fcl sor, valamint v\u00e1llalatir\u00e1ny\u00edt\u00e1si rendszer ker\u00fcl bevezet\u00e9sre. A beszerz\u00e9sre ker\u00fcl\u0151 g\u00e9pekkel prec\u00edzi\u00f3s CNC megmunk\u00e1l\u00e1si k\u00e9pess\u00e9gekkel \u00e9s CNC darabol\u00e1si k\u00e9pess\u00e9gekkel fog rendelkezni v\u00e1llalatunk.<\/p><p>A fejleszt\u00e9ssel f\u0151 piacainkon vev\u0151ink fel\u00e9 elismert, k\u00f6zvetlen besz\u00e1ll\u00edt\u00f3i st\u00e1tuszunk meger\u0151s\u00edt\u00e9s\u00e9t biztos\u00edtjuk. \u00c1rbev\u00e9tel\u00fcnk a fejleszt\u00e9s eredm\u00e9nyek\u00e9ppen k\u00f6z\u00e9pt\u00e1von n\u00f6vekedni fog, el\u00e9rj\u00fck az 1,4 milli\u00e1rd Ft-os \u00e1rbev\u00e9telt.<\/p>\t\t\t\t\t\t\t\t<\/div>\n\t\t\t\t<\/div>\n\t\t\r\n\t\t\t\t<div class=\"elementor-element elementor-element-5f1cd9c elementor-widget elementor-widget-image\" data-id=\"5f1cd9c\" data-element_type=\"widget\" data-e-type=\"widget\" data-widget_type=\"image.default\">\n\t\t\t\t<div class=\"elementor-widget-container\">\n\t\t\t\t\t\t\t\t\t\t\t\t\t\t\t<img fetchpriority=\"high\" decoding=\"async\" width=\"640\" height=\"481\" src=\"https:\/\/ferrotech.hu\/wp-content\/uploads\/2026\/02\/ginop.jpg\" class=\"attachment-large size-large wp-image-30012\" alt=\"\" srcset=\"https:\/\/ferrotech.hu\/wp-content\/uploads\/2026\/02\/ginop.jpg 875w, https:\/\/ferrotech.hu\/wp-content\/uploads\/2026\/02\/ginop-300x226.jpg 300w, https:\/\/ferrotech.hu\/wp-content\/uploads\/2026\/02\/ginop-768x578.jpg 768w, https:\/\/ferrotech.hu\/wp-content\/uploads\/2026\/02\/ginop-16x12.jpg 16w\" sizes=\"(max-width: 640px) 100vw, 640px\" \/>\t\t\t\t\t\t\t\t\t\t\t\t\t\t\t<\/div>\n\t\t\t\t<\/div>\n\t\t\t\t\t<\/div>\n\t\t\t\t<\/div>\n\t\t\t\t<\/div>","protected":false},"excerpt":{"rendered":"<p>Nyertes p\u00e1ly\u00e1zat Kedvezm\u00e9nyezett: G\u00e9p\u2013 \u00e9s Ferrotech KftProjekt c\u00edme: Vil\u00e1gsz\u00ednvonal\u00fa gy\u00e1rt\u00f3kapacit\u00e1s Zalal\u00f6v\u0151n Szerz\u0151d\u00f6tt t\u00e1mogat\u00e1s \u00f6sszege (Ft): 101.544.336 FtA t\u00e1mogat\u00e1s m\u00e9rt\u00e9ke (%-ban): 45%Projekt befejez\u00e9si d\u00e1tuma: 2017.11.01Projekt azonos\u00edt\u00f3 sz\u00e1ma: GINOP-1.2.1-16-2017-00159 A G\u00e9p- \u00e9s Ferrotech Kft a Sz\u00e9chenyi 2020 program keret\u00e9ben 101.544.336 Ft eur\u00f3pai \u00fani\u00f3s t\u00e1mogat\u00e1st nyert el g\u00e9pbeszerz\u00e9sre \u00e9s v\u00e1llalatir\u00e1ny\u00edt\u00e1si rendszer bevezet\u00e9s\u00e9re. A projekt keret\u00e9ben CNC mozg\u00f3\u00e1llv\u00e1nyos f\u00far\u00f3&#8230;<\/p>","protected":false},"author":1,"featured_media":0,"parent":30008,"menu_order":0,"comment_status":"closed","ping_status":"closed","template":"elementor_header_footer","meta":{"footnotes":""},"class_list":["post-30022","page","type-page","status-publish","hentry"],"aioseo_notices":[],"_links":{"self":[{"href":"http:\/\/ferrotech.hu\/de\/wp-json\/wp\/v2\/pages\/30022","targetHints":{"allow":["GET"]}}],"collection":[{"href":"http:\/\/ferrotech.hu\/de\/wp-json\/wp\/v2\/pages"}],"about":[{"href":"http:\/\/ferrotech.hu\/de\/wp-json\/wp\/v2\/types\/page"}],"author":[{"embeddable":true,"href":"http:\/\/ferrotech.hu\/de\/wp-json\/wp\/v2\/users\/1"}],"replies":[{"embeddable":true,"href":"http:\/\/ferrotech.hu\/de\/wp-json\/wp\/v2\/comments?post=30022"}],"version-history":[{"count":4,"href":"http:\/\/ferrotech.hu\/de\/wp-json\/wp\/v2\/pages\/30022\/revisions"}],"predecessor-version":[{"id":30026,"href":"http:\/\/ferrotech.hu\/de\/wp-json\/wp\/v2\/pages\/30022\/revisions\/30026"}],"up":[{"embeddable":true,"href":"http:\/\/ferrotech.hu\/de\/wp-json\/wp\/v2\/pages\/30008"}],"wp:attachment":[{"href":"http:\/\/ferrotech.hu\/de\/wp-json\/wp\/v2\/media?parent=30022"}],"curies":[{"name":"wp","href":"https:\/\/api.w.org\/{rel}","templated":true}]}}