{"id":29768,"date":"2025-04-16T09:46:21","date_gmt":"2025-04-16T09:46:21","guid":{"rendered":"https:\/\/ferrotech.hu\/?page_id=29768"},"modified":"2026-04-02T13:12:55","modified_gmt":"2026-04-02T13:12:55","slug":"technologia","status":"publish","type":"page","link":"http:\/\/ferrotech.hu\/en\/technologia\/","title":{"rendered":"Technology"},"content":{"rendered":"\t\t<div data-elementor-type=\"wp-page\" data-elementor-id=\"29768\" class=\"elementor elementor-29768\" data-elementor-post-type=\"page\">\n\t\t\t\t\r\n\t\t<div class=\"default no-position show_shadow rs-sticky-default elementor-element elementor-element-691bd60 e-flex e-con-boxed e-con e-parent\" data-id=\"691bd60\" data-element_type=\"container\" data-e-type=\"container\">\n\t\t\t\t\t<div class=\"e-con-inner\">\n\t\t\r\n\t\t<div class=\"default no-position show_shadow rs-sticky-default elementor-element elementor-element-c66c05b e-con-full e-flex e-con e-child\" data-id=\"c66c05b\" data-element_type=\"container\" data-e-type=\"container\">\n\t\t\r\n\t\t<div class=\"default no-position show_shadow rs-sticky-default elementor-element elementor-element-7bec512b e-con-full e-flex e-con e-child\" data-id=\"7bec512b\" data-element_type=\"container\" data-e-type=\"container\" data-settings=\"{&quot;background_background&quot;:&quot;classic&quot;,&quot;sticky&quot;:&quot;top&quot;,&quot;sticky_on&quot;:[&quot;desktop&quot;,&quot;laptop&quot;],&quot;sticky_offset&quot;:134,&quot;sticky_parent&quot;:&quot;yes&quot;,&quot;sticky_effects_offset&quot;:0,&quot;sticky_anchor_link_offset&quot;:0}\">\n\t\t\r\n\t\t\t\t<div class=\"elementor-element elementor-element-2b8207f elementor-widget elementor-widget-text-editor\" data-id=\"2b8207f\" data-element_type=\"widget\" data-e-type=\"widget\" data-widget_type=\"text-editor.default\">\n\t\t\t\t<div class=\"elementor-widget-container\">\n\t\t\t\t\t\t\t\t\t<p><strong>Darabol\u00e1s \u00e9s v\u00e1g\u00e1stechnika<\/strong><\/p>\t\t\t\t\t\t\t\t<\/div>\n\t\t\t\t<\/div>\n\t\t\r\n\t\t\t\t<div class=\"elementor-element elementor-element-8a05561 elementor-widget elementor-widget-text-editor\" data-id=\"8a05561\" data-element_type=\"widget\" data-e-type=\"widget\" data-widget_type=\"text-editor.default\">\n\t\t\t\t<div class=\"elementor-widget-container\">\n\t\t\t\t\t\t\t\t\t<p>F\u0171r\u00e9szg\u00e9p : Durma DCB-S 560<br \/>Special 360<\/p><p>Plazma- \u00e9s l\u00e1ngv\u00e1g\u00f3: Alfhatech APL20\/120 Smart focus 300 m\u00e9rettart.: 2150&#215;12600<\/p>\t\t\t\t\t\t\t\t<\/div>\n\t\t\t\t<\/div>\n\t\t\r\n\t\t\t\t<div class=\"elementor-element elementor-element-ef1a3a6 elementor-widget-divider--view-line elementor-widget elementor-widget-divider\" data-id=\"ef1a3a6\" data-element_type=\"widget\" data-e-type=\"widget\" data-widget_type=\"divider.default\">\n\t\t\t\t<div class=\"elementor-widget-container\">\n\t\t\t\t\t\t\t<div class=\"elementor-divider\">\n\t\t\t<span class=\"elementor-divider-separator\">\n\t\t\t\t\t\t<\/span>\n\t\t<\/div>\n\t\t\t\t\t\t<\/div>\n\t\t\t\t<\/div>\n\t\t\r\n\t\t\t\t<div class=\"elementor-element elementor-element-10289a2 elementor-widget elementor-widget-text-editor\" data-id=\"10289a2\" data-element_type=\"widget\" data-e-type=\"widget\" data-widget_type=\"text-editor.default\">\n\t\t\t\t<div class=\"elementor-widget-container\">\n\t\t\t\t\t\t\t\t\t<p><strong>Hegeszt\u00e9s<\/strong><\/p>\t\t\t\t\t\t\t\t<\/div>\n\t\t\t\t<\/div>\n\t\t\r\n\t\t\t\t<div class=\"elementor-element elementor-element-cd02b20 elementor-widget elementor-widget-text-editor\" data-id=\"cd02b20\" data-element_type=\"widget\" data-e-type=\"widget\" data-widget_type=\"text-editor.default\">\n\t\t\t\t<div class=\"elementor-widget-container\">\n\t\t\t\t\t\t\t\t\t<p>C\u00e9g\u00fcnkn\u00e9l norm\u00e1l ac\u00e9lok hegeszt\u00e9s\u00e9re min\u0151s\u00edtett szakemberek dolgoznak. Alkalmazott elj\u00e1r\u00e1s v\u00e9d\u0151g\u00e1zas fogy\u00f3elektr\u00f3d\u00e1s \u00edvhegeszt\u00e9s (MAG, MIG). Szakembereink munk\u00e1j\u00e1t \u00f6t darab 10 tonn\u00e1s \u00e9s egy 3,2 tonn\u00e1s h\u00edddaru valamint hat darab 1 tonn\u00e1s forg\u00f3daru seg\u00edti.<\/p>\t\t\t\t\t\t\t\t<\/div>\n\t\t\t\t<\/div>\n\t\t\r\n\t\t\t\t<div class=\"elementor-element elementor-element-09f28fd elementor-widget-divider--view-line elementor-widget elementor-widget-divider\" data-id=\"09f28fd\" data-element_type=\"widget\" data-e-type=\"widget\" data-widget_type=\"divider.default\">\n\t\t\t\t<div class=\"elementor-widget-container\">\n\t\t\t\t\t\t\t<div class=\"elementor-divider\">\n\t\t\t<span class=\"elementor-divider-separator\">\n\t\t\t\t\t\t<\/span>\n\t\t<\/div>\n\t\t\t\t\t\t<\/div>\n\t\t\t\t<\/div>\n\t\t\r\n\t\t\t\t<div class=\"elementor-element elementor-element-c17c8fd elementor-widget elementor-widget-text-editor\" data-id=\"c17c8fd\" data-element_type=\"widget\" data-e-type=\"widget\" data-widget_type=\"text-editor.default\">\n\t\t\t\t<div class=\"elementor-widget-container\">\n\t\t\t\t\t\t\t\t\t<p><strong>Forg\u00e1csol\u00e1s<\/strong><\/p>\t\t\t\t\t\t\t\t<\/div>\n\t\t\t\t<\/div>\n\t\t\r\n\t\t\t\t<div class=\"elementor-element elementor-element-7c2c751 elementor-widget elementor-widget-text-editor\" data-id=\"7c2c751\" data-element_type=\"widget\" data-e-type=\"widget\" data-widget_type=\"text-editor.default\">\n\t\t\t\t<div class=\"elementor-widget-container\">\n\t\t\t\t\t\t\t\t\t<p>CNC megmunk\u00e1l\u00f3k\u00f6zpont:<br \/>NCT-BF2 m\u00e9rettart.: 2000x1000x1500<\/p><p>CNC f\u00far\u00f3-mar\u00f3m\u0171 horizont:<br \/>NCT-HBM-160PG m\u00e9rettart.: 8000x3000x1100<\/p>\t\t\t\t\t\t\t\t<\/div>\n\t\t\t\t<\/div>\n\t\t\r\n\t\t\t\t<div class=\"elementor-element elementor-element-0206cef elementor-widget-divider--view-line elementor-widget elementor-widget-divider\" data-id=\"0206cef\" data-element_type=\"widget\" data-e-type=\"widget\" data-widget_type=\"divider.default\">\n\t\t\t\t<div class=\"elementor-widget-container\">\n\t\t\t\t\t\t\t<div class=\"elementor-divider\">\n\t\t\t<span class=\"elementor-divider-separator\">\n\t\t\t\t\t\t<\/span>\n\t\t<\/div>\n\t\t\t\t\t\t<\/div>\n\t\t\t\t<\/div>\n\t\t\r\n\t\t\t\t<div class=\"elementor-element elementor-element-b032bd0 elementor-widget elementor-widget-text-editor\" data-id=\"b032bd0\" data-element_type=\"widget\" data-e-type=\"widget\" data-widget_type=\"text-editor.default\">\n\t\t\t\t<div class=\"elementor-widget-container\">\n\t\t\t\t\t\t\t\t\t<p><strong>Lemezmegmunk\u00e1l\u00e1s<\/strong><\/p>\t\t\t\t\t\t\t\t<\/div>\n\t\t\t\t<\/div>\n\t\t\r\n\t\t\t\t<div class=\"elementor-element elementor-element-8415f92 elementor-widget elementor-widget-text-editor\" data-id=\"8415f92\" data-element_type=\"widget\" data-e-type=\"widget\" data-widget_type=\"text-editor.default\">\n\t\t\t\t<div class=\"elementor-widget-container\">\n\t\t\t\t\t\t\t\t\t<p>\u00c9lhajl\u00edt\u00f3:ADR 30320 hossz: 3m Lv:16<\/p><p>Henger\u00edt\u0151 : HRB-4 hossz: 2m Lv:16<\/p>\t\t\t\t\t\t\t\t<\/div>\n\t\t\t\t<\/div>\n\t\t\r\n\t\t\t\t<div class=\"elementor-element elementor-element-547c254 elementor-widget-divider--view-line elementor-widget elementor-widget-divider\" data-id=\"547c254\" data-element_type=\"widget\" data-e-type=\"widget\" data-widget_type=\"divider.default\">\n\t\t\t\t<div class=\"elementor-widget-container\">\n\t\t\t\t\t\t\t<div class=\"elementor-divider\">\n\t\t\t<span class=\"elementor-divider-separator\">\n\t\t\t\t\t\t<\/span>\n\t\t<\/div>\n\t\t\t\t\t\t<\/div>\n\t\t\t\t<\/div>\n\t\t\r\n\t\t\t\t<div class=\"elementor-element elementor-element-c9dc043 elementor-widget elementor-widget-text-editor\" data-id=\"c9dc043\" data-element_type=\"widget\" data-e-type=\"widget\" data-widget_type=\"text-editor.default\">\n\t\t\t\t<div class=\"elementor-widget-container\">\n\t\t\t\t\t\t\t\t\t<p>Fel\u00fclet el\u0151k\u00e9sz\u00edt\u00e9s<\/p>\t\t\t\t\t\t\t\t<\/div>\n\t\t\t\t<\/div>\n\t\t\r\n\t\t\t\t<div class=\"elementor-element elementor-element-6081a08 elementor-widget elementor-widget-text-editor\" data-id=\"6081a08\" data-element_type=\"widget\" data-e-type=\"widget\" data-widget_type=\"text-editor.default\">\n\t\t\t\t<div class=\"elementor-widget-container\">\n\t\t\t\t\t\t\t\t\t<p>Korszer\u0171 fel\u00fclet el\u0151k\u00e9sz\u00edt\u0151 technol\u00f3gi\u00e1val rendelkez\u00fcnk.<br \/>A szemcsesz\u00f3r\u00f3 kabin m\u00e9rete 10000 x 5300 x 5250 mm.<br \/>Automata szemcsesz\u00f3r\u00f3; m\u00e9rete 2500x12000mm (lemez \u00e9s sz\u00e1lanyag szemcsesz\u00f3r\u00e1s\u00e1ra )<\/p>\t\t\t\t\t\t\t\t<\/div>\n\t\t\t\t<\/div>\n\t\t\r\n\t\t\t\t<div class=\"elementor-element elementor-element-4c687d9 elementor-widget-divider--view-line elementor-widget elementor-widget-divider\" data-id=\"4c687d9\" data-element_type=\"widget\" data-e-type=\"widget\" data-widget_type=\"divider.default\">\n\t\t\t\t<div class=\"elementor-widget-container\">\n\t\t\t\t\t\t\t<div class=\"elementor-divider\">\n\t\t\t<span class=\"elementor-divider-separator\">\n\t\t\t\t\t\t<\/span>\n\t\t<\/div>\n\t\t\t\t\t\t<\/div>\n\t\t\t\t<\/div>\n\t\t\r\n\t\t\t\t<div class=\"elementor-element elementor-element-3fd325f elementor-widget elementor-widget-text-editor\" data-id=\"3fd325f\" data-element_type=\"widget\" data-e-type=\"widget\" data-widget_type=\"text-editor.default\">\n\t\t\t\t<div class=\"elementor-widget-container\">\n\t\t\t\t\t\t\t\t\t<p><strong>Fest\u00e9s<\/strong><\/p>\t\t\t\t\t\t\t\t<\/div>\n\t\t\t\t<\/div>\n\t\t\r\n\t\t\t\t<div class=\"elementor-element elementor-element-5f7761d elementor-widget elementor-widget-text-editor\" data-id=\"5f7761d\" data-element_type=\"widget\" data-e-type=\"widget\" data-widget_type=\"text-editor.default\">\n\t\t\t\t<div class=\"elementor-widget-container\">\n\t\t\t\t\t\t\t\t\t<p>A sz\u00e1r\u00edt\u00f3 \u00e9s fest\u0151kabin m\u00e9rete 8000 x 5300 x 5250 mm.<\/p>\t\t\t\t\t\t\t\t<\/div>\n\t\t\t\t<\/div>\n\t\t\r\n\t\t\t\t<div class=\"elementor-element elementor-element-6f0dc01 elementor-widget-divider--view-line elementor-widget elementor-widget-divider\" data-id=\"6f0dc01\" data-element_type=\"widget\" data-e-type=\"widget\" data-widget_type=\"divider.default\">\n\t\t\t\t<div class=\"elementor-widget-container\">\n\t\t\t\t\t\t\t<div class=\"elementor-divider\">\n\t\t\t<span class=\"elementor-divider-separator\">\n\t\t\t\t\t\t<\/span>\n\t\t<\/div>\n\t\t\t\t\t\t<\/div>\n\t\t\t\t<\/div>\n\t\t\r\n\t\t\t\t<div class=\"elementor-element elementor-element-7f16153 elementor-widget elementor-widget-text-editor\" data-id=\"7f16153\" data-element_type=\"widget\" data-e-type=\"widget\" data-widget_type=\"text-editor.default\">\n\t\t\t\t<div class=\"elementor-widget-container\">\n\t\t\t\t\t\t\t\t\t<p><strong>Komplett term\u00e9k gy\u00e1rt\u00e1s<\/strong><\/p>\t\t\t\t\t\t\t\t<\/div>\n\t\t\t\t<\/div>\n\t\t\r\n\t\t\t\t<div class=\"elementor-element elementor-element-c7f0057 elementor-widget elementor-widget-text-editor\" data-id=\"c7f0057\" data-element_type=\"widget\" data-e-type=\"widget\" data-widget_type=\"text-editor.default\">\n\t\t\t\t<div class=\"elementor-widget-container\">\n\t\t\t\t\t\t\t\t\t<p>C\u00e9g\u00fcnk komplett szerelt egys\u00e9gek gy\u00e1rt\u00e1s\u00e1val is foglalkozik.<\/p>\t\t\t\t\t\t\t\t<\/div>\n\t\t\t\t<\/div>\n\t\t\r\n\t\t\t\t<div class=\"elementor-element elementor-element-923eaa7 elementor-widget-divider--view-line elementor-widget elementor-widget-divider\" data-id=\"923eaa7\" data-element_type=\"widget\" data-e-type=\"widget\" data-widget_type=\"divider.default\">\n\t\t\t\t<div class=\"elementor-widget-container\">\n\t\t\t\t\t\t\t<div class=\"elementor-divider\">\n\t\t\t<span class=\"elementor-divider-separator\">\n\t\t\t\t\t\t<\/span>\n\t\t<\/div>\n\t\t\t\t\t\t<\/div>\n\t\t\t\t<\/div>\n\t\t\t\t<\/div>\n\t\t\t\t<\/div>\n\t\t\r\n\t\t<div class=\"default no-position show_shadow rs-sticky-default elementor-element elementor-element-1d8e136 e-con-full e-flex e-con e-child\" data-id=\"1d8e136\" data-element_type=\"container\" data-e-type=\"container\">\n\t\t\r\n\t\t\t\t<div class=\"elementor-element elementor-element-bc683dc elementor-widget elementor-widget-image\" data-id=\"bc683dc\" data-element_type=\"widget\" data-e-type=\"widget\" data-widget_type=\"image.default\">\n\t\t\t\t<div class=\"elementor-widget-container\">\n\t\t\t\t\t\t\t\t\t\t\t\t\t\t\t<img fetchpriority=\"high\" decoding=\"async\" width=\"576\" height=\"1024\" src=\"https:\/\/ferrotech.hu\/wp-content\/uploads\/2026\/03\/photo-collage.png-1-576x1024.png\" class=\"attachment-large size-large wp-image-30330\" alt=\"\" srcset=\"https:\/\/ferrotech.hu\/wp-content\/uploads\/2026\/03\/photo-collage.png-1-576x1024.png 576w, https:\/\/ferrotech.hu\/wp-content\/uploads\/2026\/03\/photo-collage.png-1-169x300.png 169w, https:\/\/ferrotech.hu\/wp-content\/uploads\/2026\/03\/photo-collage.png-1-768x1365.png 768w, https:\/\/ferrotech.hu\/wp-content\/uploads\/2026\/03\/photo-collage.png-1-864x1536.png 864w, https:\/\/ferrotech.hu\/wp-content\/uploads\/2026\/03\/photo-collage.png-1-7x12.png 7w, https:\/\/ferrotech.hu\/wp-content\/uploads\/2026\/03\/photo-collage.png-1.png 1080w\" sizes=\"(max-width: 576px) 100vw, 576px\" \/>\t\t\t\t\t\t\t\t\t\t\t\t\t\t\t<\/div>\n\t\t\t\t<\/div>\n\t\t\t\t<\/div>\n\t\t\t\t\t<\/div>\n\t\t\t\t<\/div>\n\t\t\t\t<\/div>\n\t\t","protected":false},"excerpt":{"rendered":"<p>Darabol\u00e1s \u00e9s v\u00e1g\u00e1stechnika F\u0171r\u00e9szg\u00e9p : Durma DCB-S 560Special 360 Plazma- \u00e9s l\u00e1ngv\u00e1g\u00f3: Alfhatech APL20\/120 Smart focus 300 m\u00e9rettart.: 2150&#215;12600 Hegeszt\u00e9s C\u00e9g\u00fcnkn\u00e9l norm\u00e1l ac\u00e9lok hegeszt\u00e9s\u00e9re min\u0151s\u00edtett szakemberek dolgoznak. Alkalmazott elj\u00e1r\u00e1s v\u00e9d\u0151g\u00e1zas fogy\u00f3elektr\u00f3d\u00e1s \u00edvhegeszt\u00e9s (MAG, MIG). Szakembereink munk\u00e1j\u00e1t \u00f6t darab 10 tonn\u00e1s \u00e9s egy 3,2 tonn\u00e1s h\u00edddaru valamint hat darab 1 tonn\u00e1s forg\u00f3daru seg\u00edti. Forg\u00e1csol\u00e1s CNC megmunk\u00e1l\u00f3k\u00f6zpont:NCT-BF2&#8230;<\/p>","protected":false},"author":2,"featured_media":0,"parent":0,"menu_order":0,"comment_status":"closed","ping_status":"closed","template":"elementor_header_footer","meta":{"footnotes":""},"class_list":["post-29768","page","type-page","status-publish","hentry"],"aioseo_notices":[],"_links":{"self":[{"href":"http:\/\/ferrotech.hu\/en\/wp-json\/wp\/v2\/pages\/29768","targetHints":{"allow":["GET"]}}],"collection":[{"href":"http:\/\/ferrotech.hu\/en\/wp-json\/wp\/v2\/pages"}],"about":[{"href":"http:\/\/ferrotech.hu\/en\/wp-json\/wp\/v2\/types\/page"}],"author":[{"embeddable":true,"href":"http:\/\/ferrotech.hu\/en\/wp-json\/wp\/v2\/users\/2"}],"replies":[{"embeddable":true,"href":"http:\/\/ferrotech.hu\/en\/wp-json\/wp\/v2\/comments?post=29768"}],"version-history":[{"count":5,"href":"http:\/\/ferrotech.hu\/en\/wp-json\/wp\/v2\/pages\/29768\/revisions"}],"predecessor-version":[{"id":30355,"href":"http:\/\/ferrotech.hu\/en\/wp-json\/wp\/v2\/pages\/29768\/revisions\/30355"}],"wp:attachment":[{"href":"http:\/\/ferrotech.hu\/en\/wp-json\/wp\/v2\/media?parent=29768"}],"curies":[{"name":"wp","href":"https:\/\/api.w.org\/{rel}","templated":true}]}}