{"id":30017,"date":"2026-02-19T14:18:10","date_gmt":"2026-02-19T14:18:10","guid":{"rendered":"https:\/\/ferrotech.hu\/?page_id=30017"},"modified":"2026-02-19T14:20:45","modified_gmt":"2026-02-19T14:20:45","slug":"ginop-8-3-5-18-b","status":"publish","type":"page","link":"http:\/\/ferrotech.hu\/en\/palyazatok\/ginop-8-3-5-18-b\/","title":{"rendered":"GINOP-8.3.5-18-B"},"content":{"rendered":"<div data-elementor-type=\"wp-page\" data-elementor-id=\"30017\" class=\"elementor elementor-30017\" data-elementor-post-type=\"page\">\n\t\t\t\t\r\n\t\t<div class=\"default no-position show_shadow rs-sticky-default elementor-element elementor-element-e4147c1 e-flex e-con-boxed e-con e-parent\" data-id=\"e4147c1\" data-element_type=\"container\" data-e-type=\"container\">\n\t\t\t\t\t<div class=\"e-con-inner\">\n\t\t\r\n\t\t\t\t<div class=\"elementor-element elementor-element-e7eac98 elementor-widget elementor-widget-heading\" data-id=\"e7eac98\" data-element_type=\"widget\" data-e-type=\"widget\" data-widget_type=\"heading.default\">\n\t\t\t\t<div class=\"elementor-widget-container\">\n\t\t\t\t\t<h3 class=\"elementor-heading-title elementor-size-default\">Nyertes p\u00e1ly\u00e1zat\n<\/h3>\t\t\t\t<\/div>\n\t\t\t\t<\/div>\n\t\t\r\n\t\t\t\t<div class=\"elementor-element elementor-element-0b8d2eb elementor-widget elementor-widget-text-editor\" data-id=\"0b8d2eb\" data-element_type=\"widget\" data-e-type=\"widget\" data-widget_type=\"text-editor.default\">\n\t\t\t\t<div class=\"elementor-widget-container\">\n\t\t\t\t\t\t\t\t\t<p><strong>Kedvezm\u00e9nyezett:<\/strong> G\u00e9p\u2013 \u00e9s Ferrotech Kft<br \/><strong>A Hitelkeret \u00f6sszege:<\/strong> 100.000.000 Ft<br \/><strong>Projekt azonos\u00edt\u00f3 sz\u00e1ma:<\/strong> GINOP-8.3.5-18-B<\/p><p>A G\u00e9p \u00e9s Ferrotech Kft GINOP-8.3.5-18-B program keret\u00e9ben 100 milli\u00f3 Ft hitelkeretet kapott az eur\u00f3pai uni\u00f3s t\u00e1mogat\u00e1sb\u00f3l. A hitelprogram c\u00e9lja, hogy t\u00e1mogassa v\u00e1llalatunk zavartalan likvid m\u0171k\u00f6d\u00e9s\u00e9t, az ehhez sz\u00fcks\u00e9ges k\u00e9szletbeszerz\u00e9sek \u00e9s m\u0171k\u00f6d\u00e9si k\u00f6lts\u00e9gek finansz\u00edroz\u00e1sa \u00e1ltal.<\/p>\t\t\t\t\t\t\t\t<\/div>\n\t\t\t\t<\/div>\n\t\t\r\n\t\t\t\t<div class=\"elementor-element elementor-element-5f1cd9c elementor-widget elementor-widget-image\" data-id=\"5f1cd9c\" data-element_type=\"widget\" data-e-type=\"widget\" data-widget_type=\"image.default\">\n\t\t\t\t<div class=\"elementor-widget-container\">\n\t\t\t\t\t\t\t\t\t\t\t\t\t\t\t<img fetchpriority=\"high\" decoding=\"async\" width=\"640\" height=\"449\" src=\"https:\/\/ferrotech.hu\/wp-content\/uploads\/2026\/02\/ginop4-1024x718.jpg\" class=\"attachment-large size-large wp-image-30013\" alt=\"\" srcset=\"https:\/\/ferrotech.hu\/wp-content\/uploads\/2026\/02\/ginop4-1024x718.jpg 1024w, https:\/\/ferrotech.hu\/wp-content\/uploads\/2026\/02\/ginop4-300x210.jpg 300w, https:\/\/ferrotech.hu\/wp-content\/uploads\/2026\/02\/ginop4-768x539.jpg 768w, https:\/\/ferrotech.hu\/wp-content\/uploads\/2026\/02\/ginop4-1536x1078.jpg 1536w, https:\/\/ferrotech.hu\/wp-content\/uploads\/2026\/02\/ginop4-18x12.jpg 18w, https:\/\/ferrotech.hu\/wp-content\/uploads\/2026\/02\/ginop4.jpg 1588w\" sizes=\"(max-width: 640px) 100vw, 640px\" \/>\t\t\t\t\t\t\t\t\t\t\t\t\t\t\t<\/div>\n\t\t\t\t<\/div>\n\t\t\t\t\t<\/div>\n\t\t\t\t<\/div>\n\t\t\t\t<\/div>","protected":false},"excerpt":{"rendered":"<p>Nyertes p\u00e1ly\u00e1zat Kedvezm\u00e9nyezett: G\u00e9p\u2013 \u00e9s Ferrotech KftA Hitelkeret \u00f6sszege: 100.000.000 FtProjekt azonos\u00edt\u00f3 sz\u00e1ma: GINOP-8.3.5-18-B A G\u00e9p \u00e9s Ferrotech Kft GINOP-8.3.5-18-B program keret\u00e9ben 100 milli\u00f3 Ft hitelkeretet kapott az eur\u00f3pai uni\u00f3s t\u00e1mogat\u00e1sb\u00f3l. A hitelprogram c\u00e9lja, hogy t\u00e1mogassa v\u00e1llalatunk zavartalan likvid m\u0171k\u00f6d\u00e9s\u00e9t, az ehhez sz\u00fcks\u00e9ges k\u00e9szletbeszerz\u00e9sek \u00e9s m\u0171k\u00f6d\u00e9si k\u00f6lts\u00e9gek finansz\u00edroz\u00e1sa \u00e1ltal.<\/p>","protected":false},"author":1,"featured_media":0,"parent":30008,"menu_order":0,"comment_status":"closed","ping_status":"closed","template":"elementor_header_footer","meta":{"footnotes":""},"class_list":["post-30017","page","type-page","status-publish","hentry"],"aioseo_notices":[],"_links":{"self":[{"href":"http:\/\/ferrotech.hu\/en\/wp-json\/wp\/v2\/pages\/30017","targetHints":{"allow":["GET"]}}],"collection":[{"href":"http:\/\/ferrotech.hu\/en\/wp-json\/wp\/v2\/pages"}],"about":[{"href":"http:\/\/ferrotech.hu\/en\/wp-json\/wp\/v2\/types\/page"}],"author":[{"embeddable":true,"href":"http:\/\/ferrotech.hu\/en\/wp-json\/wp\/v2\/users\/1"}],"replies":[{"embeddable":true,"href":"http:\/\/ferrotech.hu\/en\/wp-json\/wp\/v2\/comments?post=30017"}],"version-history":[{"count":4,"href":"http:\/\/ferrotech.hu\/en\/wp-json\/wp\/v2\/pages\/30017\/revisions"}],"predecessor-version":[{"id":30021,"href":"http:\/\/ferrotech.hu\/en\/wp-json\/wp\/v2\/pages\/30017\/revisions\/30021"}],"up":[{"embeddable":true,"href":"http:\/\/ferrotech.hu\/en\/wp-json\/wp\/v2\/pages\/30008"}],"wp:attachment":[{"href":"http:\/\/ferrotech.hu\/en\/wp-json\/wp\/v2\/media?parent=30017"}],"curies":[{"name":"wp","href":"https:\/\/api.w.org\/{rel}","templated":true}]}}