{"id":30027,"date":"2026-02-19T14:36:28","date_gmt":"2026-02-19T14:36:28","guid":{"rendered":"https:\/\/ferrotech.hu\/?page_id=30027"},"modified":"2026-02-19T14:53:25","modified_gmt":"2026-02-19T14:53:25","slug":"ginop-1-2-3-8-3-4-16-2017-00916","status":"publish","type":"page","link":"http:\/\/ferrotech.hu\/en\/palyazatok\/ginop-1-2-3-8-3-4-16-2017-00916\/","title":{"rendered":"GINOP-1.2.3-8-3-4-16-2017-00916"},"content":{"rendered":"<div data-elementor-type=\"wp-page\" data-elementor-id=\"30027\" class=\"elementor elementor-30027\" data-elementor-post-type=\"page\">\n\t\t\t\t\r\n\t\t<div class=\"default no-position show_shadow rs-sticky-default elementor-element elementor-element-e4147c1 e-flex e-con-boxed e-con e-parent\" data-id=\"e4147c1\" data-element_type=\"container\" data-e-type=\"container\">\n\t\t\t\t\t<div class=\"e-con-inner\">\n\t\t\r\n\t\t\t\t<div class=\"elementor-element elementor-element-e7eac98 elementor-widget elementor-widget-heading\" data-id=\"e7eac98\" data-element_type=\"widget\" data-e-type=\"widget\" data-widget_type=\"heading.default\">\n\t\t\t\t<div class=\"elementor-widget-container\">\n\t\t\t\t\t<h3 class=\"elementor-heading-title elementor-size-default\">Nyertes p\u00e1ly\u00e1zat\n<\/h3>\t\t\t\t<\/div>\n\t\t\t\t<\/div>\n\t\t\r\n\t\t\t\t<div class=\"elementor-element elementor-element-0b8d2eb elementor-widget elementor-widget-text-editor\" data-id=\"0b8d2eb\" data-element_type=\"widget\" data-e-type=\"widget\" data-widget_type=\"text-editor.default\">\n\t\t\t\t<div class=\"elementor-widget-container\">\n\t\t\t\t\t\t\t\t\t<p><strong>Kedvezm\u00e9nyezett:<\/strong> G\u00e9p\u2013 \u00e9s Ferrotech Kft<br \/><strong>Projekt c\u00edme:<\/strong> Komplex \u00dczemfejleszt\u00e9s<\/p><p><strong>Projekt \u00f6sszk\u00f6lts\u00e9ge:<\/strong> 249.763.887 Ft<br \/><strong>Szerz\u0151d\u00f6tt vissza nem t\u00e9r\u00edtend\u0151 t\u00e1mogat\u00e1s \u00f6sszege (Ft):<\/strong> 49.807.609 Ft<br \/><strong>Szerz\u0151d\u00f6tt visszat\u00e9r\u00edtend\u0151 t\u00e1mogat\u00e1s \u00f6sszege:<\/strong> 144.442.070 Ft<br \/><strong>Projekt befejez\u00e9si d\u00e1tuma:<\/strong> 2019.05.03<br \/><strong>Projekt azonos\u00edt\u00f3 sz\u00e1ma:<\/strong> GINOP-1.2.3-8-3-4-16-2017-00916<\/p><p>A G\u00e9p- \u00e9s Ferrotech Kft a Sz\u00e9chenyi 2020 program keret\u00e9ben 49.807.609 Ft vissza nem t\u00e9r\u00edtend\u0151 \u00e9s 144.442.070 Ft visszat\u00e9r\u00edtend\u0151 eur\u00f3pai \u00fani\u00f3s t\u00e1mogat\u00e1st nyert el. A projekt keret\u00e9ben \u00fczemcsarnok \u00e9p\u00edt\u00e9s\u00e9re ker\u00fcl sor, melyben 2 db 10 tonna teherb\u00edr\u00e1s\u00fa \u00e9s 2 db 5 tonna teherb\u00edr\u00e1s\u00fa h\u00edddarut helyez\u00fcnk \u00fczembe, valamint 3,5 \u00e9s 7 tonna teherb\u00edr\u00e1s\u00fa targonc\u00e1kat, 5 darab hegeszt\u0151g\u00e9pet szerz\u00fcnk be.<\/p><p>A fejleszt\u00e9ssel f\u0151 piacainkon vev\u0151ink fel\u00e9 elismert, k\u00f6zvetlen besz\u00e1ll\u00edt\u00f3i st\u00e1tuszunk meger\u0151s\u00edt\u00e9s\u00e9t biztos\u00edtjuk. \u00c1rbev\u00e9tel\u00fcnk a fejleszt\u00e9s eredm\u00e9nyek\u00e9ppen k\u00f6z\u00e9pt\u00e1von n\u00f6vekedni fog, el\u00e9rj\u00fck az 1,4 milli\u00e1rd Ft-os \u00e1rbev\u00e9telt.<\/p>\t\t\t\t\t\t\t\t<\/div>\n\t\t\t\t<\/div>\n\t\t\r\n\t\t\t\t<div class=\"elementor-element elementor-element-5f1cd9c elementor-widget elementor-widget-image\" data-id=\"5f1cd9c\" data-element_type=\"widget\" data-e-type=\"widget\" data-widget_type=\"image.default\">\n\t\t\t\t<div class=\"elementor-widget-container\">\n\t\t\t\t\t\t\t\t\t\t\t\t\t\t\t<img fetchpriority=\"high\" decoding=\"async\" width=\"640\" height=\"503\" src=\"https:\/\/ferrotech.hu\/wp-content\/uploads\/2026\/02\/ginop2.jpg\" class=\"attachment-large size-large wp-image-30011\" alt=\"\" srcset=\"https:\/\/ferrotech.hu\/wp-content\/uploads\/2026\/02\/ginop2.jpg 875w, https:\/\/ferrotech.hu\/wp-content\/uploads\/2026\/02\/ginop2-300x236.jpg 300w, https:\/\/ferrotech.hu\/wp-content\/uploads\/2026\/02\/ginop2-768x604.jpg 768w, https:\/\/ferrotech.hu\/wp-content\/uploads\/2026\/02\/ginop2-15x12.jpg 15w\" sizes=\"(max-width: 640px) 100vw, 640px\" \/>\t\t\t\t\t\t\t\t\t\t\t\t\t\t\t<\/div>\n\t\t\t\t<\/div>\n\t\t\t\t\t<\/div>\n\t\t\t\t<\/div>\n\t\t\t\t<\/div>","protected":false},"excerpt":{"rendered":"<p>Nyertes p\u00e1ly\u00e1zat Kedvezm\u00e9nyezett: G\u00e9p\u2013 \u00e9s Ferrotech KftProjekt c\u00edme: Komplex \u00dczemfejleszt\u00e9s Projekt \u00f6sszk\u00f6lts\u00e9ge: 249.763.887 FtSzerz\u0151d\u00f6tt vissza nem t\u00e9r\u00edtend\u0151 t\u00e1mogat\u00e1s \u00f6sszege (Ft): 49.807.609 FtSzerz\u0151d\u00f6tt visszat\u00e9r\u00edtend\u0151 t\u00e1mogat\u00e1s \u00f6sszege: 144.442.070 FtProjekt befejez\u00e9si d\u00e1tuma: 2019.05.03Projekt azonos\u00edt\u00f3 sz\u00e1ma: GINOP-1.2.3-8-3-4-16-2017-00916 A G\u00e9p- \u00e9s Ferrotech Kft a Sz\u00e9chenyi 2020 program keret\u00e9ben 49.807.609 Ft vissza nem t\u00e9r\u00edtend\u0151 \u00e9s 144.442.070 Ft visszat\u00e9r\u00edtend\u0151 eur\u00f3pai \u00fani\u00f3s t\u00e1mogat\u00e1st&#8230;<\/p>","protected":false},"author":1,"featured_media":0,"parent":30008,"menu_order":0,"comment_status":"closed","ping_status":"closed","template":"elementor_header_footer","meta":{"footnotes":""},"class_list":["post-30027","page","type-page","status-publish","hentry"],"aioseo_notices":[],"_links":{"self":[{"href":"http:\/\/ferrotech.hu\/en\/wp-json\/wp\/v2\/pages\/30027","targetHints":{"allow":["GET"]}}],"collection":[{"href":"http:\/\/ferrotech.hu\/en\/wp-json\/wp\/v2\/pages"}],"about":[{"href":"http:\/\/ferrotech.hu\/en\/wp-json\/wp\/v2\/types\/page"}],"author":[{"embeddable":true,"href":"http:\/\/ferrotech.hu\/en\/wp-json\/wp\/v2\/users\/1"}],"replies":[{"embeddable":true,"href":"http:\/\/ferrotech.hu\/en\/wp-json\/wp\/v2\/comments?post=30027"}],"version-history":[{"count":4,"href":"http:\/\/ferrotech.hu\/en\/wp-json\/wp\/v2\/pages\/30027\/revisions"}],"predecessor-version":[{"id":30032,"href":"http:\/\/ferrotech.hu\/en\/wp-json\/wp\/v2\/pages\/30027\/revisions\/30032"}],"up":[{"embeddable":true,"href":"http:\/\/ferrotech.hu\/en\/wp-json\/wp\/v2\/pages\/30008"}],"wp:attachment":[{"href":"http:\/\/ferrotech.hu\/en\/wp-json\/wp\/v2\/media?parent=30027"}],"curies":[{"name":"wp","href":"https:\/\/api.w.org\/{rel}","templated":true}]}}