{"id":33,"date":"2024-01-03T11:09:03","date_gmt":"2024-01-03T11:09:03","guid":{"rendered":"http:\/\/192.168.0.130:10046\/?page_id=33"},"modified":"2025-04-16T11:10:40","modified_gmt":"2025-04-16T11:10:40","slug":"kapcsolat","status":"publish","type":"page","link":"http:\/\/ferrotech.hu\/en\/kapcsolat\/","title":{"rendered":"Contact"},"content":{"rendered":"<div data-elementor-type=\"wp-page\" data-elementor-id=\"33\" class=\"elementor elementor-33\" data-elementor-post-type=\"page\">\n\t\t\t\t\r\n\t\t<div class=\"default no-position show_shadow rs-sticky-default elementor-element elementor-element-78bede4 e-flex e-con-boxed e-con e-parent\" data-id=\"78bede4\" data-element_type=\"container\" data-e-type=\"container\">\n\t\t\t\t\t<div class=\"e-con-inner\">\n\t\t\r\n\t\t\t\t<div class=\"elementor-element elementor-element-24b21e9 elementor-widget elementor-widget-rs-heading\" data-id=\"24b21e9\" data-element_type=\"widget\" data-e-type=\"widget\" data-widget_type=\"rs-heading.default\">\n\t\t\t\t<div class=\"elementor-widget-container\">\n\t\t\t\t\t\n\t\t<div class=\"prelements-heading style1\">\n\t\t\t<div class=\"title-inner\">\n\t\t\t\t\t\t\t\t\t<span class=\"sub-text\">\n\t\t\t\t\t\t<svg xmlns=\"http:\/\/www.w3.org\/2000\/svg\" width=\"11\" height=\"15\" viewbox=\"0 0 11 15\" fill=\"none\"><path d=\"M3.14286 10L0 15L8.78104e-07 0L3.14286 5V10Z\" fill=\"#EA5501\"><\/path><path fill-rule=\"evenodd\" clip-rule=\"evenodd\" d=\"M6.28571 10L3.14286 15L3.14286 10L4.71428 7.5L3.14286 5L3.14286 0L6.28571 5L6.28571 10ZM6.28571 10L7.85714 7.5L6.28571 5V0L11 7.5L6.28571 15V10Z\" fill=\"#EA5501\"><\/path><\/svg>\t\t\t\t\t\tG\u00e9p \u00e9s ferrotech kft.\t\t\t\t\t<\/span>\n\t\t\t\t<h2 class=\"title rs-split-text-disable\">Get in touch with us.<\/h2>\n\t\t\t<\/div>\n\t\t\t\t\t\t\t<div class=\"description\">\n\t\t\t\t\t<p>We are happy to assist you!<\/p>\t\t\t\t<\/div>\n\t\t\t\t\t<\/div>\n\t\t\t\t<\/div>\n\t\t\t\t<\/div>\n\t\t\t\t\t<\/div>\n\t\t\t\t<\/div>\n\t\t\r\n\t\t<div class=\"default no-position show_shadow rs-sticky-default elementor-element elementor-element-739cf80 e-flex e-con-boxed e-con e-parent\" data-id=\"739cf80\" data-element_type=\"container\" data-e-type=\"container\">\n\t\t\t\t\t<div class=\"e-con-inner\">\n\t\t\r\n\t\t<div class=\"default no-position show_shadow rs-sticky-default elementor-element elementor-element-701232c e-con-full elementor-hidden-laptop e-flex e-con e-child\" data-id=\"701232c\" data-element_type=\"container\" data-e-type=\"container\">\n\t\t\r\n\t\t\t\t<div class=\"elementor-element elementor-element-78d0e90 elementor-widget elementor-widget-rs-service-grid\" data-id=\"78d0e90\" data-element_type=\"widget\" data-e-type=\"widget\" data-widget_type=\"rs-service-grid.default\">\n\t\t\t\t<div class=\"elementor-widget-container\">\n\t\t\t\t\t\r\n\t\t<div class=\"rs-addon-services style3\">\r\n\t\t\t<div class=\"services-inner  box\">\r\n    \r\n    <div class=\"content_part\">\r\n                    <div class=\"media_wrap\">\r\n                                    \r\n                        <div class=\"icon_style media-cmn normal\">\r\n\r\n                            <svg xmlns=\"http:\/\/www.w3.org\/2000\/svg\" width=\"18\" height=\"22\" viewbox=\"0 0 18 22\" fill=\"none\"><path d=\"M9 18.8995L13.9497 13.9497C16.6834 11.2161 16.6834 6.78392 13.9497 4.05025C11.2161 1.31658 6.78392 1.31658 4.05025 4.05025C1.31658 6.78392 1.31658 11.2161 4.05025 13.9497L9 18.8995ZM9 21.7279L2.63604 15.364C-0.87868 11.8492 -0.87868 6.15076 2.63604 2.63604C6.15076 -0.87868 11.8492 -0.87868 15.364 2.63604C18.8787 6.15076 18.8787 11.8492 15.364 15.364L9 21.7279ZM9 11C10.1046 11 11 10.1046 11 9C11 7.89543 10.1046 7 9 7C7.8954 7 7 7.89543 7 9C7 10.1046 7.8954 11 9 11ZM9 13C6.79086 13 5 11.2091 5 9C5 6.79086 6.79086 5 9 5C11.2091 5 13 6.79086 13 9C13 11.2091 11.2091 13 9 13Z\" fill=\"#737373\"><\/path><\/svg>                        <\/div>\r\n\r\n                    \r\n                                                <\/div>\r\n        \r\n                    <div class=\"services-title\">\r\n                                    <h4 class=\"title\"> Location<\/h4>\r\n                            <\/div>\r\n        \r\n                    <div class=\"desc-text\">\r\n                8999 Zalal\u00f6v\u0151, \u00dajmajor 4. <br>GPS coordinates:\nN:46.85517\nE:16.58442            <\/div>\r\n        \r\n            <\/div>\r\n<\/div>\t\t<\/div>\r\n\r\n\t\t\t\t<\/div>\n\t\t\t\t<\/div>\n\t\t\t\t<\/div>\n\t\t\r\n\t\t<div class=\"default no-position show_shadow rs-sticky-default elementor-element elementor-element-9474500 e-con-full elementor-hidden-laptop e-flex e-con e-child\" data-id=\"9474500\" data-element_type=\"container\" data-e-type=\"container\">\n\t\t\r\n\t\t\t\t<div class=\"elementor-element elementor-element-c0ad3c0 elementor-widget elementor-widget-rs-service-grid\" data-id=\"c0ad3c0\" data-element_type=\"widget\" data-e-type=\"widget\" data-widget_type=\"rs-service-grid.default\">\n\t\t\t\t<div class=\"elementor-widget-container\">\n\t\t\t\t\t\r\n\t\t<div class=\"rs-addon-services style3\">\r\n\t\t\t<div class=\"services-inner  box\">\r\n    \r\n    <div class=\"content_part\">\r\n                    <div class=\"media_wrap\">\r\n                                    \r\n                        <div class=\"icon_style media-cmn normal\">\r\n\r\n                            <svg aria-hidden=\"true\" class=\"e-font-icon-svg e-fas-info\" viewbox=\"0 0 192 512\" xmlns=\"http:\/\/www.w3.org\/2000\/svg\"><path d=\"M20 424.229h20V279.771H20c-11.046 0-20-8.954-20-20V212c0-11.046 8.954-20 20-20h112c11.046 0 20 8.954 20 20v212.229h20c11.046 0 20 8.954 20 20V492c0 11.046-8.954 20-20 20H20c-11.046 0-20-8.954-20-20v-47.771c0-11.046 8.954-20 20-20zM96 0C56.235 0 24 32.235 24 72s32.235 72 72 72 72-32.235 72-72S135.764 0 96 0z\"><\/path><\/svg>                        <\/div>\r\n\r\n                    \r\n                                                <\/div>\r\n        \r\n                    <div class=\"services-title\">\r\n                                    <h4 class=\"title\"> Company information<\/h4>\r\n                            <\/div>\r\n        \r\n                    <div class=\"desc-text\">\r\n                Company registration number: 20-09-068213<br>\nTax number: 14176205-2-20            <\/div>\r\n        \r\n            <\/div>\r\n<\/div>\t\t<\/div>\r\n\r\n\t\t\t\t<\/div>\n\t\t\t\t<\/div>\n\t\t\t\t<\/div>\n\t\t\r\n\t\t<div class=\"default no-position show_shadow rs-sticky-default elementor-element elementor-element-9d44ac3 e-con-full elementor-hidden-laptop e-flex e-con e-child\" data-id=\"9d44ac3\" data-element_type=\"container\" data-e-type=\"container\">\n\t\t\r\n\t\t\t\t<div class=\"elementor-element elementor-element-0fcca45 elementor-widget elementor-widget-rs-service-grid\" data-id=\"0fcca45\" data-element_type=\"widget\" data-e-type=\"widget\" data-widget_type=\"rs-service-grid.default\">\n\t\t\t\t<div class=\"elementor-widget-container\">\n\t\t\t\t\t\r\n\t\t<div class=\"rs-addon-services style3\">\r\n\t\t\t<div class=\"services-inner  box\">\r\n    \r\n    <div class=\"content_part\">\r\n                    <div class=\"media_wrap\">\r\n                                    \r\n                        <div class=\"icon_style media-cmn normal\">\r\n\r\n                            <svg aria-hidden=\"true\" class=\"e-font-icon-svg e-far-envelope\" viewbox=\"0 0 512 512\" xmlns=\"http:\/\/www.w3.org\/2000\/svg\"><path d=\"M464 64H48C21.49 64 0 85.49 0 112v288c0 26.51 21.49 48 48 48h416c26.51 0 48-21.49 48-48V112c0-26.51-21.49-48-48-48zm0 48v40.805c-22.422 18.259-58.168 46.651-134.587 106.49-16.841 13.247-50.201 45.072-73.413 44.701-23.208.375-56.579-31.459-73.413-44.701C106.18 199.465 70.425 171.067 48 152.805V112h416zM48 400V214.398c22.914 18.251 55.409 43.862 104.938 82.646 21.857 17.205 60.134 55.186 103.062 54.955 42.717.231 80.509-37.199 103.053-54.947 49.528-38.783 82.032-64.401 104.947-82.653V400H48z\"><\/path><\/svg>                        <\/div>\r\n\r\n                    \r\n                                                <\/div>\r\n        \r\n                    <div class=\"services-title\">\r\n                                    <h4 class=\"title\"> Get in touch<\/h4>\r\n                            <\/div>\r\n        \r\n                    <div class=\"desc-text\">\r\n                Phone \/ Fax: +36 92 371 277<br>\nE-mail: info@ferrotech.hu            <\/div>\r\n        \r\n            <\/div>\r\n<\/div>\t\t<\/div>\r\n\r\n\t\t\t\t<\/div>\n\t\t\t\t<\/div>\n\t\t\t\t<\/div>\n\t\t\t\t\t<\/div>\n\t\t\t\t<\/div>\n\t\t\r\n\t\t<div class=\"default no-position show_shadow rs-sticky-default elementor-element elementor-element-b289e2c e-flex e-con-boxed e-con e-parent\" data-id=\"b289e2c\" data-element_type=\"container\" data-e-type=\"container\">\n\t\t\t\t\t<div class=\"e-con-inner\">\n\t\t\r\n\t\t<div class=\"default no-position show_shadow rs-sticky-default elementor-element elementor-element-a12073c e-flex e-con-boxed e-con e-child\" data-id=\"a12073c\" data-element_type=\"container\" data-e-type=\"container\" data-settings=\"{&quot;background_background&quot;:&quot;classic&quot;}\">\n\t\t\t\t\t<div class=\"e-con-inner\">\n\t\t\r\n\t\t\t\t<div class=\"elementor-element elementor-element-0f44b66 elementor-widget-laptop__width-initial elementor-widget__width-initial elementor-widget-mobile__width-inherit elementor-widget elementor-widget-rs-heading\" data-id=\"0f44b66\" data-element_type=\"widget\" data-e-type=\"widget\" data-widget_type=\"rs-heading.default\">\n\t\t\t\t<div class=\"elementor-widget-container\">\n\t\t\t\t\t\n\t\t<div class=\"prelements-heading style1\">\n\t\t\t<div class=\"title-inner\">\n\t\t\t\t<h2 class=\"title rs-split-text-disable\">Send us a message.<\/h2>\n\t\t\t<\/div>\n\t\t\t\t\t\t\t<div class=\"description\">\n\t\t\t\t\t<p>Our colleagues will make every effort to respond to your questions within 48 hours.<\/p>\t\t\t\t<\/div>\n\t\t\t\t\t<\/div>\n\t\t\t\t<\/div>\n\t\t\t\t<\/div>\n\t\t\r\n\t\t\t\t<div class=\"elementor-element elementor-element-c99acaa elementor-widget elementor-widget-rs-cf7\" data-id=\"c99acaa\" data-element_type=\"widget\" data-e-type=\"widget\" data-widget_type=\"rs-cf7.default\">\n\t\t\t\t<div class=\"elementor-widget-container\">\n\t\t\t\t\t\n<div class=\"wpcf7 no-js\" id=\"wpcf7-f15071-o1\" lang=\"en-US\" dir=\"ltr\" data-wpcf7-id=\"15071\">\n<div class=\"screen-reader-response\"><p role=\"status\" aria-live=\"polite\" aria-atomic=\"true\"><\/p> <ul><\/ul><\/div>\n<form action=\"\/en\/wp-json\/wp\/v2\/pages\/33#wpcf7-f15071-o1\" method=\"post\" class=\"wpcf7-form init\" aria-label=\"Contact form\" novalidate=\"novalidate\" data-status=\"init\" data-trp-original-action=\"\/en\/wp-json\/wp\/v2\/pages\/33#wpcf7-f15071-o1\">\n<div style=\"display: none;\">\n<input type=\"hidden\" name=\"_wpcf7\" value=\"15071\" \/>\n<input type=\"hidden\" name=\"_wpcf7_version\" value=\"6.0.3\" \/>\n<input type=\"hidden\" name=\"_wpcf7_locale\" value=\"en_US\" \/>\n<input type=\"hidden\" name=\"_wpcf7_unit_tag\" value=\"wpcf7-f15071-o1\" \/>\n<input type=\"hidden\" name=\"_wpcf7_container_post\" value=\"0\" \/>\n<input type=\"hidden\" name=\"_wpcf7_posted_data_hash\" value=\"\" \/>\n<input type=\"hidden\" name=\"_wpcf7_recaptcha_response\" value=\"\" \/>\n<\/div>\n<div class=\"row\">\n\t<div class=\"col-md-4\">\n\t\t<p><span class=\"wpcf7-form-control-wrap\" data-name=\"your-name\"><input size=\"40\" maxlength=\"400\" class=\"wpcf7-form-control wpcf7-text\" aria-invalid=\"false\" placeholder=\"Name\" value=\"\" type=\"text\" name=\"your-name\" \/><\/span>\n\t\t<\/p>\n\t<\/div>\n\t<div class=\"col-md-4\">\n\t\t<p><span class=\"wpcf7-form-control-wrap\" data-name=\"your-email\"><input size=\"40\" maxlength=\"400\" class=\"wpcf7-form-control wpcf7-email wpcf7-text wpcf7-validates-as-email\" aria-invalid=\"false\" placeholder=\"E-mail address\" value=\"\" type=\"email\" name=\"your-email\" \/><\/span>\n\t\t<\/p>\n\t<\/div>\n\t<div class=\"col-md-4\">\n\t\t<p><span class=\"wpcf7-form-control-wrap\" data-name=\"phone-number\"><input size=\"40\" maxlength=\"400\" class=\"wpcf7-form-control wpcf7-text\" aria-invalid=\"false\" placeholder=\"Telefonsz\u00e1m\" value=\"\" type=\"text\" name=\"phone-number\" \/><\/span>\n\t\t<\/p>\n\t<\/div>\n\t<div class=\"col-12\">\n\t\t<p><span class=\"wpcf7-form-control-wrap\" data-name=\"your-message\"><textarea cols=\"40\" rows=\"10\" maxlength=\"2000\" class=\"wpcf7-form-control wpcf7-textarea\" aria-invalid=\"false\" placeholder=\"Note\" name=\"your-message\"><\/textarea><\/span>\n\t\t<\/p>\n\t\t<div class=\"form-btn-area\">\n\t\t\t<p><input class=\"wpcf7-form-control wpcf7-submit has-spinner\" type=\"submit\" value=\"Send a message\" \/><br \/>\n<svg xmlns=\"http:\/\/www.w3.org\/2000\/svg\" width=\"18\" height=\"12\" viewbox=\"0 0 18 12\" fill=\"none\"><path fill-rule=\"evenodd\" clip-rule=\"evenodd\" d=\"M0 6C0 5.66249 0.273604 5.38889 0.611111 5.38889L15.0246 5.38889L11.179 1.54323C10.9403 1.30458 10.9403 0.917644 11.179 0.67899C11.4176 0.440336 11.8046 0.440336 12.0432 0.67899L16.9321 5.56788C17.1708 5.80653 17.1708 6.19347 16.9321 6.43212L12.0432 11.321C11.8046 11.5597 11.4176 11.5597 11.179 11.321C10.9403 11.0824 10.9403 10.6954 11.179 10.4568L15.0246 6.61111L0.611111 6.61111C0.273604 6.61111 0 6.33751 0 6Z\" fill=\"#616161\"><\/path><\/svg>\n\t\t\t<\/p>\n\t\t<\/div>\n\t<\/div>\n<\/div><div class=\"wpcf7-response-output\" aria-hidden=\"true\"><\/div>\n<input type=\"hidden\" name=\"trp-form-language\" value=\"en\"\/><\/form>\n<\/div>\n\t\t\t\t<\/div>\n\t\t\t\t<\/div>\n\t\t\t\t\t<\/div>\n\t\t\t\t<\/div>\n\t\t\t\t\t<\/div>\n\t\t\t\t<\/div>\n\t\t\t\t<\/div>","protected":false},"excerpt":{"rendered":"<p>G\u00e9p \u00e9s ferrotech kft. L\u00e9pjen kapcsolatba vel\u00fcnk K\u00e9szs\u00e9ggel \u00e1llunk rendelkez\u00e9s\u00e9re! Helysz\u00edn 8999 Zalal\u00f6v\u0151, \u00dajmajor 4. GPS koordin\u00e1t\u00e1k: \u00c9:46.85517 K:16.58442 C\u00e9ginform\u00e1ci\u00f3 C\u00e9gjegyz\u00e9ksz\u00e1m: 20-09-068213 Ad\u00f3sz\u00e1m: 14176205-2-20 Keressen benn\u00fcnket Telefon \/ Fax: +36 92 371 277 E-mail: info@ferrotech.hu \u00cdrjon nek\u00fcnk \u00fczenetet Koll\u00e9g\u00e1ink igyekeznek 48 \u00f3r\u00e1n bel\u00fcl v\u00e1laszt adni az \u00d6n \u00e1ltal felmer\u00fclt k\u00e9rd\u00e9sek megv\u00e1laszol\u00e1s\u00e1val kapcsolatban.<\/p>","protected":false},"author":2,"featured_media":0,"parent":0,"menu_order":0,"comment_status":"closed","ping_status":"closed","template":"elementor_header_footer","meta":{"footnotes":""},"class_list":["post-33","page","type-page","status-publish","hentry"],"aioseo_notices":[],"_links":{"self":[{"href":"http:\/\/ferrotech.hu\/en\/wp-json\/wp\/v2\/pages\/33","targetHints":{"allow":["GET"]}}],"collection":[{"href":"http:\/\/ferrotech.hu\/en\/wp-json\/wp\/v2\/pages"}],"about":[{"href":"http:\/\/ferrotech.hu\/en\/wp-json\/wp\/v2\/types\/page"}],"author":[{"embeddable":true,"href":"http:\/\/ferrotech.hu\/en\/wp-json\/wp\/v2\/users\/2"}],"replies":[{"embeddable":true,"href":"http:\/\/ferrotech.hu\/en\/wp-json\/wp\/v2\/comments?post=33"}],"version-history":[{"count":5,"href":"http:\/\/ferrotech.hu\/en\/wp-json\/wp\/v2\/pages\/33\/revisions"}],"predecessor-version":[{"id":29862,"href":"http:\/\/ferrotech.hu\/en\/wp-json\/wp\/v2\/pages\/33\/revisions\/29862"}],"wp:attachment":[{"href":"http:\/\/ferrotech.hu\/en\/wp-json\/wp\/v2\/media?parent=33"}],"curies":[{"name":"wp","href":"https:\/\/api.w.org\/{rel}","templated":true}]}}