{"id":30400,"date":"2026-05-12T19:07:14","date_gmt":"2026-05-12T19:07:14","guid":{"rendered":"https:\/\/ferrotech.hu\/?page_id=30400"},"modified":"2026-05-12T19:08:40","modified_gmt":"2026-05-12T19:08:40","slug":"ginop-plusz-1-4-3-24-b","status":"publish","type":"page","link":"https:\/\/ferrotech.hu\/de\/palyazatok\/ginop-plusz-1-4-3-24-b\/","title":{"rendered":"GINOP Plusz-1.4.3-24\/B"},"content":{"rendered":"<div data-elementor-type=\"wp-page\" data-elementor-id=\"30400\" class=\"elementor elementor-30400\" data-elementor-post-type=\"page\">\n\t\t\t\t\r\n\t\t<div class=\"default no-position show_shadow rs-sticky-default elementor-element elementor-element-e4147c1 e-flex e-con-boxed e-con e-parent\" data-id=\"e4147c1\" data-element_type=\"container\" data-e-type=\"container\">\n\t\t\t\t\t<div class=\"e-con-inner\">\n\t\t\r\n\t\t\t\t<div class=\"elementor-element elementor-element-e7eac98 elementor-widget elementor-widget-heading\" data-id=\"e7eac98\" data-element_type=\"widget\" data-e-type=\"widget\" data-widget_type=\"heading.default\">\n\t\t\t\t<div class=\"elementor-widget-container\">\n\t\t\t\t\t<h3 class=\"elementor-heading-title elementor-size-default\">Nyertes p\u00e1ly\u00e1zat\n<\/h3>\t\t\t\t<\/div>\n\t\t\t\t<\/div>\n\t\t\r\n\t\t\t\t<div class=\"elementor-element elementor-element-0b8d2eb elementor-widget elementor-widget-text-editor\" data-id=\"0b8d2eb\" data-element_type=\"widget\" data-e-type=\"widget\" data-widget_type=\"text-editor.default\">\n\t\t\t\t<div class=\"elementor-widget-container\">\n\t\t\t\t\t\t\t\t\t<p style=\"font-weight: 400;\"><strong>Kedvezm\u00e9nyezett:<\/strong> G\u00e9p\u2013 \u00e9s Ferrotech Kft<br \/><strong>Projekt c\u00edme:<\/strong> Munkaer\u0151 k\u00f6lts\u00e9gek finansz\u00edroz\u00e1sa<br \/><strong>Szerz\u0151d\u00f6tt t\u00e1mogat\u00e1s\u00a0\u00f6sszege (Ft):<\/strong>\u00a0 50.000.000Ft<\/p><p style=\"font-weight: 400;\"><strong>Projekt befejez\u00e9si d\u00e1tuma:<\/strong> 2032.01.31<br \/><strong>Projekt azonos\u00edt\u00f3 sz\u00e1ma<\/strong>: GINOP Plusz1.4.3-24\/B<\/p><p style=\"font-weight: 400;\"><strong>A projekt bemutat\u00e1sa:<\/strong> <br \/>A G\u00e9p \u00e9s Ferrotech Kft. sikeresen elnyerte a GINOP Plusz 1.4.3-24\/B sz\u00e1m\u00fa eur\u00f3pai uni\u00f3s t\u00e1mogat\u00e1st, amely jelent\u0151s el\u0151rel\u00e9p\u00e9st jelent a v\u00e1llalat m\u0171k\u00f6d\u00e9s\u00e9nek stabiliz\u00e1l\u00e1s\u00e1ban\u00a0\u00e9s fejleszt\u00e9si c\u00e9ljainak megval\u00f3s\u00edt\u00e1s\u00e1ban. A projekt keret\u00e9ben a t\u00e1rsas\u00e1g 50 milli\u00f3 forint \u00f6sszeg\u0171\u00a0kedvezm\u00e9nyes hitelben r\u00e9szes\u00fcl.<\/p><p style=\"font-weight: 400;\">A t\u00e1mogat\u00e1s els\u0151dleges c\u00e9lja a v\u00e1llalkoz\u00e1s munkaer\u0151-k\u00f6lts\u00e9geinek finansz\u00edroz\u00e1sa, amely mag\u00e1ban foglalja a megl\u00e9v\u0151\u00a0munkav\u00e1llal\u00f3k megtart\u00e1s\u00e1t, a sz\u00fcks\u00e9ges\u00a0\u00faj munkaer\u0151\u00a0felv\u00e9tel\u00e9t, valamint a betan\u00edt\u00e1si folyamatok t\u00e1mogat\u00e1s\u00e1t. A projekt hozz\u00e1j\u00e1rul a c\u00e9g hossz\u00fa\u00a0t\u00e1v\u00fa versenyk\u00e9pess\u00e9g\u00e9hez, termel\u00e9kenys\u00e9g\u00e9nek n\u00f6vel\u00e9s\u00e9hez \u00e9s a m\u0171k\u00f6d\u00e9s stabil fenntart\u00e1s\u00e1hoz.<\/p><p style=\"font-weight: 400;\">A G\u00e9p \u00e9s Ferrotech Kft. a t\u00e1mogat\u00e1s seg\u00edts\u00e9g\u00e9vel tov\u00e1bb er\u0151s\u00edti piaci poz\u00edci\u00f3j\u00e1t, mik\u00f6zben biztos\u00edtja munkav\u00e1llal\u00f3i sz\u00e1m\u00e1ra a kisz\u00e1m\u00edthat\u00f3, fenntarthat\u00f3\u00a0foglalkoztat\u00e1si k\u00f6rnyezetet.<\/p>\t\t\t\t\t\t\t\t<\/div>\n\t\t\t\t<\/div>\n\t\t\r\n\t\t\t\t<div class=\"elementor-element elementor-element-5f1cd9c elementor-widget elementor-widget-image\" data-id=\"5f1cd9c\" data-element_type=\"widget\" data-e-type=\"widget\" data-widget_type=\"image.default\">\n\t\t\t\t<div class=\"elementor-widget-container\">\n\t\t\t\t\t\t\t\t\t\t\t\t\t\t\t<img fetchpriority=\"high\" decoding=\"async\" width=\"640\" height=\"453\" src=\"https:\/\/ferrotech.hu\/wp-content\/uploads\/2026\/05\/2026-21-20_14-45-35_a3_fekvo_vagojel_nelkuli-1_page-0001-1024x724.jpg\" class=\"attachment-large size-large wp-image-30399\" alt=\"\" srcset=\"https:\/\/ferrotech.hu\/wp-content\/uploads\/2026\/05\/2026-21-20_14-45-35_a3_fekvo_vagojel_nelkuli-1_page-0001-1024x724.jpg 1024w, https:\/\/ferrotech.hu\/wp-content\/uploads\/2026\/05\/2026-21-20_14-45-35_a3_fekvo_vagojel_nelkuli-1_page-0001-300x212.jpg 300w, https:\/\/ferrotech.hu\/wp-content\/uploads\/2026\/05\/2026-21-20_14-45-35_a3_fekvo_vagojel_nelkuli-1_page-0001-768x543.jpg 768w, https:\/\/ferrotech.hu\/wp-content\/uploads\/2026\/05\/2026-21-20_14-45-35_a3_fekvo_vagojel_nelkuli-1_page-0001-1536x1086.jpg 1536w, https:\/\/ferrotech.hu\/wp-content\/uploads\/2026\/05\/2026-21-20_14-45-35_a3_fekvo_vagojel_nelkuli-1_page-0001-2048x1448.jpg 2048w, https:\/\/ferrotech.hu\/wp-content\/uploads\/2026\/05\/2026-21-20_14-45-35_a3_fekvo_vagojel_nelkuli-1_page-0001-18x12.jpg 18w\" sizes=\"(max-width: 640px) 100vw, 640px\" \/>\t\t\t\t\t\t\t\t\t\t\t\t\t\t\t<\/div>\n\t\t\t\t<\/div>\n\t\t\t\t\t<\/div>\n\t\t\t\t<\/div>\n\t\t\t\t<\/div>","protected":false},"excerpt":{"rendered":"<p>Nyertes p\u00e1ly\u00e1zat Kedvezm\u00e9nyezett: G\u00e9p\u2013 \u00e9s Ferrotech KftProjekt c\u00edme: Munkaer\u0151 k\u00f6lts\u00e9gek finansz\u00edroz\u00e1saSzerz\u0151d\u00f6tt t\u00e1mogat\u00e1s\u00a0\u00f6sszege (Ft):\u00a0 50.000.000Ft Projekt befejez\u00e9si d\u00e1tuma: 2032.01.31Projekt azonos\u00edt\u00f3 sz\u00e1ma: GINOP Plusz1.4.3-24\/B A projekt bemutat\u00e1sa: A G\u00e9p \u00e9s Ferrotech Kft. sikeresen elnyerte a GINOP Plusz 1.4.3-24\/B sz\u00e1m\u00fa eur\u00f3pai uni\u00f3s t\u00e1mogat\u00e1st, amely jelent\u0151s el\u0151rel\u00e9p\u00e9st jelent a v\u00e1llalat m\u0171k\u00f6d\u00e9s\u00e9nek stabiliz\u00e1l\u00e1s\u00e1ban\u00a0\u00e9s fejleszt\u00e9si c\u00e9ljainak megval\u00f3s\u00edt\u00e1s\u00e1ban. A projekt keret\u00e9ben a&#8230;<\/p>","protected":false},"author":1,"featured_media":0,"parent":30008,"menu_order":0,"comment_status":"closed","ping_status":"closed","template":"elementor_header_footer","meta":{"footnotes":""},"class_list":["post-30400","page","type-page","status-publish","hentry"],"aioseo_notices":[],"_links":{"self":[{"href":"https:\/\/ferrotech.hu\/de\/wp-json\/wp\/v2\/pages\/30400","targetHints":{"allow":["GET"]}}],"collection":[{"href":"https:\/\/ferrotech.hu\/de\/wp-json\/wp\/v2\/pages"}],"about":[{"href":"https:\/\/ferrotech.hu\/de\/wp-json\/wp\/v2\/types\/page"}],"author":[{"embeddable":true,"href":"https:\/\/ferrotech.hu\/de\/wp-json\/wp\/v2\/users\/1"}],"replies":[{"embeddable":true,"href":"https:\/\/ferrotech.hu\/de\/wp-json\/wp\/v2\/comments?post=30400"}],"version-history":[{"count":4,"href":"https:\/\/ferrotech.hu\/de\/wp-json\/wp\/v2\/pages\/30400\/revisions"}],"predecessor-version":[{"id":30405,"href":"https:\/\/ferrotech.hu\/de\/wp-json\/wp\/v2\/pages\/30400\/revisions\/30405"}],"up":[{"embeddable":true,"href":"https:\/\/ferrotech.hu\/de\/wp-json\/wp\/v2\/pages\/30008"}],"wp:attachment":[{"href":"https:\/\/ferrotech.hu\/de\/wp-json\/wp\/v2\/media?parent=30400"}],"curies":[{"name":"wp","href":"https:\/\/api.w.org\/{rel}","templated":true}]}}